{"id":3,"date":"2023-03-27T09:18:19","date_gmt":"2023-03-27T09:18:19","guid":{"rendered":"https:\/\/odbito.com\/?page_id=3"},"modified":"2023-03-30T13:44:47","modified_gmt":"2023-03-30T13:44:47","slug":"privacy-policy","status":"publish","type":"page","link":"https:\/\/odbito.com\/en\/privacy-policy\/","title":{"rendered":"Privacy Policy"},"content":{"rendered":"<div data-elementor-type=\"wp-page\" data-elementor-id=\"3\" class=\"elementor elementor-3\" data-elementor-post-type=\"page\">\n\t\t\t\t<div class=\"elementor-element elementor-element-f3ba258 e-flex e-con-boxed e-con e-parent\" data-id=\"f3ba258\" data-element_type=\"container\" data-settings=\"{&quot;background_background&quot;:&quot;classic&quot;}\">\n\t\t\t\t\t<div class=\"e-con-inner\">\n\t\t\t\t<div class=\"elementor-element elementor-element-d5b5270 elementor-widget elementor-widget-heading\" data-id=\"d5b5270\" data-element_type=\"widget\" data-widget_type=\"heading.default\">\n\t\t\t\t<div class=\"elementor-widget-container\">\n\t\t\t<style>\/*! elementor - v3.21.0 - 26-05-2024 *\/\n.elementor-heading-title{padding:0;margin:0;line-height:1}.elementor-widget-heading .elementor-heading-title[class*=elementor-size-]>a{color:inherit;font-size:inherit;line-height:inherit}.elementor-widget-heading .elementor-heading-title.elementor-size-small{font-size:15px}.elementor-widget-heading .elementor-heading-title.elementor-size-medium{font-size:19px}.elementor-widget-heading .elementor-heading-title.elementor-size-large{font-size:29px}.elementor-widget-heading .elementor-heading-title.elementor-size-xl{font-size:39px}.elementor-widget-heading .elementor-heading-title.elementor-size-xxl{font-size:59px}<\/style><h2 class=\"elementor-heading-title elementor-size-default\">\nPrivacy Policy<\/h2>\t\t<\/div>\n\t\t\t\t<\/div>\n\t\t\t\t<div class=\"elementor-element elementor-element-b7fd812 elementor-widget elementor-widget-text-editor\" data-id=\"b7fd812\" data-element_type=\"widget\" data-widget_type=\"text-editor.default\">\n\t\t\t\t<div class=\"elementor-widget-container\">\n\t\t\t<style>\/*! elementor - v3.21.0 - 26-05-2024 *\/\n.elementor-widget-text-editor.elementor-drop-cap-view-stacked .elementor-drop-cap{background-color:#69727d;color:#fff}.elementor-widget-text-editor.elementor-drop-cap-view-framed .elementor-drop-cap{color:#69727d;border:3px solid;background-color:transparent}.elementor-widget-text-editor:not(.elementor-drop-cap-view-default) .elementor-drop-cap{margin-top:8px}.elementor-widget-text-editor:not(.elementor-drop-cap-view-default) .elementor-drop-cap-letter{width:1em;height:1em}.elementor-widget-text-editor .elementor-drop-cap{float:left;text-align:center;line-height:1;font-size:50px}.elementor-widget-text-editor .elementor-drop-cap-letter{display:inline-block}<\/style>\t\t\t\t<p>Last Updated On 30-Mar-2023<br \/>Effective Date 30-Mar-2023<\/p>\t\t\t\t\t\t<\/div>\n\t\t\t\t<\/div>\n\t\t\t\t<div class=\"elementor-element elementor-element-8bde931 elementor-widget elementor-widget-text-editor\" data-id=\"8bde931\" data-element_type=\"widget\" data-widget_type=\"text-editor.default\">\n\t\t\t\t<div class=\"elementor-widget-container\">\n\t\t\t\t\t\t\t<p>This Privacy Policy describes the policies of PKU d.o.o., Letali\u0161ka cesta 33E, Ljubljana 1000, Slovenia, email: marko@dunking-devils.com, phone: 38640566926 on the collection, use and disclosure of your information that we collect when you use our website ( https:\/\/odbito.com ). (the \u201cService\u201d). By accessing or using the Service, you are consenting to the collection, use and disclosure of your information in accordance with this Privacy Policy. If you do not consent to the same, please do not access or use the Service.<\/p>\n<p>We may modify this Privacy Policy at any time without any prior notice to you and will post the revised Privacy Policy on the Service. The revised Policy will be effective 180 days from when the revised Policy is posted in the Service and your continued access or use of the Service after such time will constitute your acceptance of the revised Privacy Policy. We therefore recommend that you periodically review this page.<\/p>\t\t\t\t\t\t<\/div>\n\t\t\t\t<\/div>\n\t\t\t\t<div class=\"elementor-element elementor-element-a4c65f3 elementor-widget elementor-widget-heading\" data-id=\"a4c65f3\" data-element_type=\"widget\" data-widget_type=\"heading.default\">\n\t\t\t\t<div class=\"elementor-widget-container\">\n\t\t\t<h2 class=\"elementor-heading-title elementor-size-default\">How We Use Your Information<\/h2>\t\t<\/div>\n\t\t\t\t<\/div>\n\t\t\t\t<div class=\"elementor-element elementor-element-7ef3f0a elementor-widget elementor-widget-text-editor\" data-id=\"7ef3f0a\" data-element_type=\"widget\" data-widget_type=\"text-editor.default\">\n\t\t\t\t<div class=\"elementor-widget-container\">\n\t\t\t\t\t\t\t<p>We will use the information that we collect about you for the following purposes:<\/p>\n<ul>\n<li>Marketing\/ Promotional<\/li>\n<li>Customer feedback collection<\/li>\n<li>Targeted advertising<\/li>\n<li>Site protection<\/li>\n<\/ul>\n<p><br \/>If we want to use your information for any other purpose, we will ask you for consent and will use your information only on receiving your consent and then, only for the purpose(s) for which grant consent unless we are required to do otherwise by law.<\/p>\t\t\t\t\t\t<\/div>\n\t\t\t\t<\/div>\n\t\t\t\t<div class=\"elementor-element elementor-element-3cc80fc elementor-widget elementor-widget-heading\" data-id=\"3cc80fc\" data-element_type=\"widget\" data-widget_type=\"heading.default\">\n\t\t\t\t<div class=\"elementor-widget-container\">\n\t\t\t<h2 class=\"elementor-heading-title elementor-size-default\">Your Rights<\/h2>\t\t<\/div>\n\t\t\t\t<\/div>\n\t\t\t\t<div class=\"elementor-element elementor-element-68cd4db elementor-widget elementor-widget-text-editor\" data-id=\"68cd4db\" data-element_type=\"widget\" data-widget_type=\"text-editor.default\">\n\t\t\t\t<div class=\"elementor-widget-container\">\n\t\t\t\t\t\t\t<p>Depending on the law that applies, you may have a right to access and rectify or erase your personal data or receive a copy of your personal data, restrict or object to the active processing of your data, ask us to share (port) your personal information to another entity, withdraw any consent you provided to us to process your data, a right to lodge a complaint with a statutory authority and such other rights as may be relevant under applicable laws. To exercise these rights, you can write to us at marko@dunking-devils.com. We will respond to your request in accordance with applicable law.<\/p>\n<p>Do note that if you do not allow us to collect or process the required personal information or withdraw the consent to process the same for the required purposes, you may not be able to access or use the services for which your information was sought.<\/p>\t\t\t\t\t\t<\/div>\n\t\t\t\t<\/div>\n\t\t\t\t<div class=\"elementor-element elementor-element-0456823 elementor-widget elementor-widget-heading\" data-id=\"0456823\" data-element_type=\"widget\" data-widget_type=\"heading.default\">\n\t\t\t\t<div class=\"elementor-widget-container\">\n\t\t\t<h2 class=\"elementor-heading-title elementor-size-default\">Cookies<\/h2>\t\t<\/div>\n\t\t\t\t<\/div>\n\t\t\t\t<div class=\"elementor-element elementor-element-e644318 elementor-widget elementor-widget-text-editor\" data-id=\"e644318\" data-element_type=\"widget\" data-widget_type=\"text-editor.default\">\n\t\t\t\t<div class=\"elementor-widget-container\">\n\t\t\t\t\t\t\t<p>To learn more about how we use these and your choices in relation to these tracking technologies, please refer to our <a style=\"color: #fab120;\" href=\"https:\/\/odbito.com\/en\/cookie-policy\/\">Cookie Policy<\/a>.<\/p>\t\t\t\t\t\t<\/div>\n\t\t\t\t<\/div>\n\t\t\t\t<div class=\"elementor-element elementor-element-3f3ef38 elementor-widget elementor-widget-heading\" data-id=\"3f3ef38\" data-element_type=\"widget\" data-widget_type=\"heading.default\">\n\t\t\t\t<div class=\"elementor-widget-container\">\n\t\t\t<h2 class=\"elementor-heading-title elementor-size-default\">Security<\/h2>\t\t<\/div>\n\t\t\t\t<\/div>\n\t\t\t\t<div class=\"elementor-element elementor-element-93e6b5a elementor-widget elementor-widget-text-editor\" data-id=\"93e6b5a\" data-element_type=\"widget\" data-widget_type=\"text-editor.default\">\n\t\t\t\t<div class=\"elementor-widget-container\">\n\t\t\t\t\t\t\t<p>The security of your information is important to us and we will use reasonable security measures to prevent the loss, misuse or unauthorized alteration of your information under our control. However, given the inherent risks, we cannot guarantee absolute security and consequently, we cannot ensure or warrant the security of any information you transmit to us and you do so at your own risk.<\/p>\t\t\t\t\t\t<\/div>\n\t\t\t\t<\/div>\n\t\t\t\t<div class=\"elementor-element elementor-element-2219aff elementor-widget elementor-widget-heading\" data-id=\"2219aff\" data-element_type=\"widget\" data-widget_type=\"heading.default\">\n\t\t\t\t<div class=\"elementor-widget-container\">\n\t\t\t<h2 class=\"elementor-heading-title elementor-size-default\">Third Party Links &amp; Use Of Your Information<\/h2>\t\t<\/div>\n\t\t\t\t<\/div>\n\t\t\t\t<div class=\"elementor-element elementor-element-5507812 elementor-widget elementor-widget-text-editor\" data-id=\"5507812\" data-element_type=\"widget\" data-widget_type=\"text-editor.default\">\n\t\t\t\t<div class=\"elementor-widget-container\">\n\t\t\t\t\t\t\t<p>Our Service may contain links to other websites that are not operated by us. This Privacy Policy does not address the privacy policy and other practices of any third parties, including any third party operating any website or service that may be accessible via a link on the Service. We strongly advise you to review the privacy policy of every site you visit. We have no control over and assume no responsibility for the content, privacy policies or practices of any third party sites or services.<\/p>\t\t\t\t\t\t<\/div>\n\t\t\t\t<\/div>\n\t\t\t\t<div class=\"elementor-element elementor-element-7bece96 elementor-widget elementor-widget-heading\" data-id=\"7bece96\" data-element_type=\"widget\" data-widget_type=\"heading.default\">\n\t\t\t\t<div class=\"elementor-widget-container\">\n\t\t\t<h2 class=\"elementor-heading-title elementor-size-default\">Grievance \/ Data Protection Officer<\/h2>\t\t<\/div>\n\t\t\t\t<\/div>\n\t\t\t\t<div class=\"elementor-element elementor-element-8b3888f elementor-widget elementor-widget-text-editor\" data-id=\"8b3888f\" data-element_type=\"widget\" data-widget_type=\"text-editor.default\">\n\t\t\t\t<div class=\"elementor-widget-container\">\n\t\t\t\t\t\t\t<p>If you have any queries or concerns about the processing of your information that is available with us, you may email our Grievance Officer at PKU d.o.o., Letali\u0161ka cesta 33E, 1000 Ljubljana, email: marko@dunking-devils.com. We will address your concerns in accordance with applicable law.<\/p>\t\t\t\t\t\t<\/div>\n\t\t\t\t<\/div>\n\t\t\t\t<div class=\"elementor-element elementor-element-6d08b53 elementor-widget elementor-widget-text-editor\" data-id=\"6d08b53\" data-element_type=\"widget\" data-widget_type=\"text-editor.default\">\n\t\t\t\t<div class=\"elementor-widget-container\">\n\t\t\t\t\t\t\t<p>Privacy Policy generated with <a  style=\"color: #fab120;\" href=\"https:\/\/www.cookieyes.com\/?utm_source=PP&amp;utm_medium=footer&amp;utm_campaign=UW\">CookieYes<\/a>.<\/p>\t\t\t\t\t\t<\/div>\n\t\t\t\t<\/div>\n\t\t\t\t\t<\/div>\n\t\t\t\t<\/div>\n\t\t\t\t<\/div>","protected":false},"excerpt":{"rendered":"<p>Politika zasebnosti Nazadnje posodobljeno 30. marca 2023Datum za\u010detka veljavnosti 30. marec 2023 Ta pravilnik o zasebnosti opisuje politike PKU d.o.o., Letali\u0161ka cesta 33E, Ljubljana 1000, Slovenija, e-po\u0161ta: marko@dunking-devils.com, telefon: 38640566926 o zbiranju, uporabi in razkritju va\u0161ih podatkov, ki jih zbiramo, ko uporabljate na\u0161o spletno stran. (https:\/\/odbito.com). (servis&#8221;). Z dostopom do storitve ali njeno uporabo sogla\u0161ate [&hellip;]<\/p>","protected":false},"author":1,"featured_media":0,"parent":0,"menu_order":0,"comment_status":"closed","ping_status":"closed","template":"elementor_header_footer","meta":{"footnotes":""},"class_list":["post-3","page","type-page","status-publish","hentry"],"_links":{"self":[{"href":"https:\/\/odbito.com\/en\/wp-json\/wp\/v2\/pages\/3","targetHints":{"allow":["GET"]}}],"collection":[{"href":"https:\/\/odbito.com\/en\/wp-json\/wp\/v2\/pages"}],"about":[{"href":"https:\/\/odbito.com\/en\/wp-json\/wp\/v2\/types\/page"}],"author":[{"embeddable":true,"href":"https:\/\/odbito.com\/en\/wp-json\/wp\/v2\/users\/1"}],"replies":[{"embeddable":true,"href":"https:\/\/odbito.com\/en\/wp-json\/wp\/v2\/comments?post=3"}],"version-history":[{"count":4,"href":"https:\/\/odbito.com\/en\/wp-json\/wp\/v2\/pages\/3\/revisions"}],"predecessor-version":[{"id":615,"href":"https:\/\/odbito.com\/en\/wp-json\/wp\/v2\/pages\/3\/revisions\/615"}],"wp:attachment":[{"href":"https:\/\/odbito.com\/en\/wp-json\/wp\/v2\/media?parent=3"}],"curies":[{"name":"wp","href":"https:\/\/api.w.org\/{rel}","templated":true}]}}